{"id":32711,"date":"2023-06-29T16:07:43","date_gmt":"2023-06-29T19:07:43","guid":{"rendered":"http:\/\/roncesvalles.com.ar\/?page_id=32711"},"modified":"2023-07-01T23:56:04","modified_gmt":"2023-07-02T02:56:04","slug":"home","status":"publish","type":"page","link":"https:\/\/www.roncesvalles.com.ar\/es_mx\/home\/","title":{"rendered":"Home"},"content":{"rendered":"<p>[vc_row][vc_column][vc_posts_slider count=&#8221;3&#8243; interval=&#8221;3&#8243;][\/vc_column][\/vc_row][vc_row][vc_column hide_bg_mobile=&#8221;&#8221; hide_bg_tablet=&#8221;&#8221; el_id=&#8221;encurtidos-conservas&#8221;]<div class=\"woocommerce columns-6 \">\t<div class=\"products product-style-3 row grid-view products-wrap  product-cart-icon \">\n\n<div class=\"col-xl-50 col-lg-4 col-md-6 col-sm-6 col-6 product type-product post-537 status-publish first instock product_cat-entradas has-post-thumbnail shipping-taxable purchasable product-type-variable has-default-attributes\">\n\t\t\t<div class=\"product-wrapper\">\r\n\t\t\t<div class=\"product-image\">\r\n\t\t\t<a href=\"https:\/\/www.roncesvalles.com.ar\/es_mx\/producto\/dips\/\" class=\"woocommerce-LoopProduct-link\" target=\"_self\"><img fetchpriority=\"high\" decoding=\"async\" width=\"300\" height=\"300\" src=\"https:\/\/www.roncesvalles.com.ar\/wp-content\/uploads\/2019\/01\/DIP_webp-300x300.webp\" class=\"attachment-woocommerce_thumbnail size-woocommerce_thumbnail front-image not-transparent\" alt=\"\" srcset=\"https:\/\/www.roncesvalles.com.ar\/wp-content\/uploads\/2019\/01\/DIP_webp-300x300.webp 300w, https:\/\/www.roncesvalles.com.ar\/wp-content\/uploads\/2019\/01\/DIP_webp-150x150.webp 150w\" sizes=\"(max-width: 300px) 100vw, 300px\" data-has-transparency=\"false\" data-dominant-color=\"120e0d\" style=\"--dominant-color: #120e0d;\" \/><\/a>\t\t <\/div>\r\n\t\t \t\t<div class=\"product-info\">\r\n\t\t\t<div class=\"product-title-rating\">\r\n\t\t\t\r\n\t\t<div class=\"product-cats\">\r\n\t\t\t<a href=\"https:\/\/www.roncesvalles.com.ar\/es_mx\/product-category\/finger-foods\/entradas\/\" rel=\"tag\">Entradas &amp; Recepciones<\/a>\t\t<\/div>\r\n\t\t<h3 class=\"product-title\"><a href=\"https:\/\/www.roncesvalles.com.ar\/es_mx\/producto\/dips\/\" target=\"_self\">\u00a1DIPS!<\/a><\/h3><div class=\"woocommerce-product-details__short-description\">\n\t<p>\u00a1Acompa\u00f1a tu mesa con estos incre\u00edbles dips! \u00a1vest\u00ed tu evento con arte y sabor!<\/p>\n<ul>\n<li>Crema ciboullete<\/li>\n<li>Pasta mediterr\u00e1nea<\/li>\n<li>Chutney de tomates<\/li>\n<li>Pollo cheddar<\/li>\n<li>Vitel Ton\u00e9<\/li>\n<li>Berenjenas en escabeche<\/li>\n<li>Humus<\/li>\n<li>Entre otros&#8230;<\/li>\n<\/ul>\n<\/div>\n\t\t<\/div>\r\n\t\t\t<div class=\"product-price-buttons\">\r\n\t\t\t<div class=\"product-price\">\r\n\t\t\t\n\t<span class=\"price\"><span class=\"woocommerce-Price-amount amount\"><bdi><span class=\"woocommerce-Price-currencySymbol\">&#36;<\/span>5,900<\/bdi><\/span><\/span>\n\t\t <\/div>\r\n\t\t \t\t<div class=\"product-buttons-variations\">\r\n\t\t\t\t\t\r\n\t\t<div class=\"product-buttons\">\r\n\t\t\t\t\t\r\n\t\t<div class=\"cart-button\">\r\n\t\t\t<a href=\"https:\/\/www.roncesvalles.com.ar\/es_mx\/producto\/dips\/\" aria-describedby=\"woocommerce_loop_add_to_cart_link_describedby_537\" data-quantity=\"1\" class=\"button product_type_variable add_to_cart_button\" data-product_id=\"537\" data-product_sku=\"\" aria-label=\"Elige las opciones para &ldquo;\u00a1DIPS!&rdquo;\" rel=\"nofollow\">Seleccionar opciones<\/a>\t<span id=\"woocommerce_loop_add_to_cart_link_describedby_537\" class=\"screen-reader-text\">\n\t\tEste producto tiene m\u00faltiples variantes. Las opciones se pueden elegir en la p\u00e1gina de producto\t<\/span>\n\t\t <\/div>\r\n\t\t\t\t <\/div>\r\n\t\t \t\t <\/div>\r\n\t\t \t\t<\/div>\r\n\t\t\t<\/div>\r\n\t\t\t<\/div>\r\n\t<\/div>\n<div class=\"col-xl-50 col-lg-4 col-md-6 col-sm-6 col-6 product type-product post-427 status-publish instock product_cat-regaleria has-post-thumbnail shipping-taxable purchasable product-type-variable\">\n\t\t\t<div class=\"product-wrapper\">\r\n\t\t\t<div class=\"product-image\">\r\n\t\t\t<a href=\"https:\/\/www.roncesvalles.com.ar\/es_mx\/producto\/tarjeta-regalo-1000\/\" class=\"woocommerce-LoopProduct-link\" target=\"_self\"><img decoding=\"async\" width=\"300\" height=\"300\" src=\"https:\/\/www.roncesvalles.com.ar\/wp-content\/uploads\/2019\/01\/tarjetaRegaki-1-300x300.jpg\" class=\"attachment-woocommerce_thumbnail size-woocommerce_thumbnail front-image not-transparent\" alt=\"\" srcset=\"https:\/\/www.roncesvalles.com.ar\/wp-content\/uploads\/2019\/01\/tarjetaRegaki-1-300x300.jpg 300w, https:\/\/www.roncesvalles.com.ar\/wp-content\/uploads\/2019\/01\/tarjetaRegaki-1-150x150.jpg 150w, https:\/\/www.roncesvalles.com.ar\/wp-content\/uploads\/2019\/01\/tarjetaRegaki-1-768x768.jpg 768w, https:\/\/www.roncesvalles.com.ar\/wp-content\/uploads\/2019\/01\/tarjetaRegaki-1-675x675.jpg 675w, https:\/\/www.roncesvalles.com.ar\/wp-content\/uploads\/2019\/01\/tarjetaRegaki-1-100x100.jpg 100w, https:\/\/www.roncesvalles.com.ar\/wp-content\/uploads\/2019\/01\/tarjetaRegaki-1.jpg 1000w\" sizes=\"(max-width: 300px) 100vw, 300px\" data-has-transparency=\"false\" data-dominant-color=\"e2b8bf\" style=\"--dominant-color: #e2b8bf;\" \/><\/a>\t\t <\/div>\r\n\t\t \t\t<div class=\"product-info\">\r\n\t\t\t<div class=\"product-title-rating\">\r\n\t\t\t\r\n\t\t<div class=\"product-cats\">\r\n\t\t\t<a href=\"https:\/\/www.roncesvalles.com.ar\/es_mx\/product-category\/regaleria\/\" rel=\"tag\">Regaleria<\/a>\t\t<\/div>\r\n\t\t<h3 class=\"product-title\"><a href=\"https:\/\/www.roncesvalles.com.ar\/es_mx\/producto\/tarjeta-regalo-1000\/\" target=\"_self\">Gift Card Roncesvalles<\/a><\/h3><div class=\"woocommerce-product-details__short-description\">\n\t<p>Regala una experiencia gastron\u00f3mica \u00fanica con Roncesvalles.<br \/>\n\u00a1Eleg\u00ed vos el importe que queres regalar y cons\u00faltanos las opciones!<\/p>\n<\/div>\n\t\t<\/div>\r\n\t\t\t<div class=\"product-price-buttons\">\r\n\t\t\t<div class=\"product-price\">\r\n\t\t\t\n\t<span class=\"price\"><span class=\"woocommerce-Price-amount amount\" aria-hidden=\"true\"><bdi><span class=\"woocommerce-Price-currencySymbol\">&#36;<\/span>10,000<\/bdi><\/span> <span aria-hidden=\"true\">&ndash;<\/span> <span class=\"woocommerce-Price-amount amount\" aria-hidden=\"true\"><bdi><span class=\"woocommerce-Price-currencySymbol\">&#36;<\/span>50,000<\/bdi><\/span><span class=\"screen-reader-text\">Price range: &#36;10,000 through &#36;50,000<\/span><\/span>\n\t\t <\/div>\r\n\t\t \t\t<div class=\"product-buttons-variations\">\r\n\t\t\t\t\t\r\n\t\t<div class=\"product-buttons\">\r\n\t\t\t\t\t\r\n\t\t<div class=\"cart-button\">\r\n\t\t\t<a href=\"https:\/\/www.roncesvalles.com.ar\/es_mx\/producto\/tarjeta-regalo-1000\/\" aria-describedby=\"woocommerce_loop_add_to_cart_link_describedby_427\" data-quantity=\"1\" class=\"button product_type_variable add_to_cart_button\" data-product_id=\"427\" data-product_sku=\"\" aria-label=\"Elige las opciones para &ldquo;Gift Card Roncesvalles&rdquo;\" rel=\"nofollow\">Seleccionar opciones<\/a>\t<span id=\"woocommerce_loop_add_to_cart_link_describedby_427\" class=\"screen-reader-text\">\n\t\tEste producto tiene m\u00faltiples variantes. Las opciones se pueden elegir en la p\u00e1gina de producto\t<\/span>\n\t\t <\/div>\r\n\t\t\t\t <\/div>\r\n\t\t \t\t <\/div>\r\n\t\t \t\t<\/div>\r\n\t\t\t<\/div>\r\n\t\t\t<\/div>\r\n\t<\/div>\n<div class=\"col-xl-50 col-lg-4 col-md-6 col-sm-6 col-6 product type-product post-298 status-publish instock product_cat-miga has-post-thumbnail shipping-taxable purchasable product-type-variable\">\n\t\t\t<div class=\"product-wrapper\">\r\n\t\t\t<div class=\"product-image\">\r\n\t\t\t<a href=\"https:\/\/www.roncesvalles.com.ar\/es_mx\/producto\/miga-casico\/\" class=\"woocommerce-LoopProduct-link\" target=\"_self\"><img decoding=\"async\" width=\"300\" height=\"300\" src=\"https:\/\/www.roncesvalles.com.ar\/wp-content\/uploads\/2019\/01\/MIGA-COMUN_webp-300x300.webp\" class=\"attachment-woocommerce_thumbnail size-woocommerce_thumbnail front-image not-transparent\" alt=\"\" srcset=\"https:\/\/www.roncesvalles.com.ar\/wp-content\/uploads\/2019\/01\/MIGA-COMUN_webp-300x300.webp 300w, https:\/\/www.roncesvalles.com.ar\/wp-content\/uploads\/2019\/01\/MIGA-COMUN_webp-150x150.webp 150w\" sizes=\"(max-width: 300px) 100vw, 300px\" data-has-transparency=\"false\" data-dominant-color=\"3b3937\" style=\"--dominant-color: #3b3937;\" \/><\/a>\t\t <\/div>\r\n\t\t \t\t<div class=\"product-info\">\r\n\t\t\t<div class=\"product-title-rating\">\r\n\t\t\t\r\n\t\t<div class=\"product-cats\">\r\n\t\t\t<a href=\"https:\/\/www.roncesvalles.com.ar\/es_mx\/product-category\/sangucheria\/miga\/\" rel=\"tag\">Miga<\/a>\t\t<\/div>\r\n\t\t<h3 class=\"product-title\"><a href=\"https:\/\/www.roncesvalles.com.ar\/es_mx\/producto\/miga-casico\/\" target=\"_self\">Triples Cl\u00e1sicos (x 6 uni)<\/a><\/h3><div class=\"woocommerce-product-details__short-description\">\n\t<p>Les recordamos que para reservas por \u00e9ste medio los s\u00e1ndwich deben ser m\u00faltiplos de 6 unidades.<\/p>\n<p>Para pedidos m\u00e1s chicos o con menor cantidad de s\u00e1ndwich por gusto comunicarse al 4641-8136 \/\/ 4644-6286 o acercarse al local.<\/p>\n<p><em>Las im\u00e1genes de \u00e9ste producto son ilustrativas\u00a0<\/em><\/p>\n<\/div>\n\t\t<\/div>\r\n\t\t\t<div class=\"product-price-buttons\">\r\n\t\t\t<div class=\"product-price\">\r\n\t\t\t\n\t<span class=\"price\"><span class=\"woocommerce-Price-amount amount\" aria-hidden=\"true\"><bdi><span class=\"woocommerce-Price-currencySymbol\">&#36;<\/span>13,200<\/bdi><\/span> <span aria-hidden=\"true\">&ndash;<\/span> <span class=\"woocommerce-Price-amount amount\" aria-hidden=\"true\"><bdi><span class=\"woocommerce-Price-currencySymbol\">&#36;<\/span>105,600<\/bdi><\/span><span class=\"screen-reader-text\">Price range: &#36;13,200 through &#36;105,600<\/span><\/span>\n\t\t <\/div>\r\n\t\t \t\t<div class=\"product-buttons-variations\">\r\n\t\t\t\t\t\r\n\t\t<div class=\"product-buttons\">\r\n\t\t\t\t\t\r\n\t\t<div class=\"cart-button\">\r\n\t\t\t<a href=\"https:\/\/www.roncesvalles.com.ar\/es_mx\/producto\/miga-casico\/\" aria-describedby=\"woocommerce_loop_add_to_cart_link_describedby_298\" data-quantity=\"1\" class=\"button product_type_variable add_to_cart_button\" data-product_id=\"298\" data-product_sku=\"\" aria-label=\"Elige las opciones para &ldquo;Triples Cl\u00e1sicos (x 6 uni)&rdquo;\" rel=\"nofollow\">Seleccionar opciones<\/a>\t<span id=\"woocommerce_loop_add_to_cart_link_describedby_298\" class=\"screen-reader-text\">\n\t\tEste producto tiene m\u00faltiples variantes. Las opciones se pueden elegir en la p\u00e1gina de producto\t<\/span>\n\t\t <\/div>\r\n\t\t\t\t <\/div>\r\n\t\t \t\t <\/div>\r\n\t\t \t\t<\/div>\r\n\t\t\t<\/div>\r\n\t\t\t<\/div>\r\n\t<\/div>\n<div class=\"col-xl-50 col-lg-4 col-md-6 col-sm-6 col-6 product type-product post-556 status-publish instock product_cat-miga has-post-thumbnail shipping-taxable purchasable product-type-variable\">\n\t\t\t<div class=\"product-wrapper\">\r\n\t\t\t<div class=\"product-image\">\r\n\t\t\t<a href=\"https:\/\/www.roncesvalles.com.ar\/es_mx\/producto\/especiales\/\" class=\"woocommerce-LoopProduct-link\" target=\"_self\"><img loading=\"lazy\" decoding=\"async\" width=\"300\" height=\"300\" src=\"https:\/\/www.roncesvalles.com.ar\/wp-content\/uploads\/2019\/01\/MIGA-ESPECIAL_webp-300x300.webp\" class=\"attachment-woocommerce_thumbnail size-woocommerce_thumbnail front-image not-transparent\" alt=\"\" srcset=\"https:\/\/www.roncesvalles.com.ar\/wp-content\/uploads\/2019\/01\/MIGA-ESPECIAL_webp-300x300.webp 300w, https:\/\/www.roncesvalles.com.ar\/wp-content\/uploads\/2019\/01\/MIGA-ESPECIAL_webp-150x150.webp 150w\" sizes=\"(max-width: 300px) 100vw, 300px\" data-has-transparency=\"false\" data-dominant-color=\"23211e\" style=\"--dominant-color: #23211e;\" \/><\/a>\t\t <\/div>\r\n\t\t \t\t<div class=\"product-info\">\r\n\t\t\t<div class=\"product-title-rating\">\r\n\t\t\t\r\n\t\t<div class=\"product-cats\">\r\n\t\t\t<a href=\"https:\/\/www.roncesvalles.com.ar\/es_mx\/product-category\/sangucheria\/miga\/\" rel=\"tag\">Miga<\/a>\t\t<\/div>\r\n\t\t<h3 class=\"product-title\"><a href=\"https:\/\/www.roncesvalles.com.ar\/es_mx\/producto\/especiales\/\" target=\"_self\">Especiales (x 6 uni)<\/a><\/h3><div class=\"woocommerce-product-details__short-description\">\n\t<p>Les recordamos que para reservas por \u00e9ste medio los s\u00e1ndwich deben ser m\u00faltiplos de 6 unidades.<\/p>\n<p>Para pedidos m\u00e1s chicos o con menor cantidad de s\u00e1ndwich por gusto comunicarse al 15-5952-8091 (whatsapp) \/\/ 4644-6286 o acercarse al local.<\/p>\n<p>&nbsp;<\/p>\n<\/div>\n\t\t<\/div>\r\n\t\t\t<div class=\"product-price-buttons\">\r\n\t\t\t<div class=\"product-price\">\r\n\t\t\t\n\t<span class=\"price\"><span class=\"woocommerce-Price-amount amount\" aria-hidden=\"true\"><bdi><span class=\"woocommerce-Price-currencySymbol\">&#36;<\/span>14,400<\/bdi><\/span> <span aria-hidden=\"true\">&ndash;<\/span> <span class=\"woocommerce-Price-amount amount\" aria-hidden=\"true\"><bdi><span class=\"woocommerce-Price-currencySymbol\">&#36;<\/span>115,200<\/bdi><\/span><span class=\"screen-reader-text\">Price range: &#36;14,400 through &#36;115,200<\/span><\/span>\n\t\t <\/div>\r\n\t\t \t\t<div class=\"product-buttons-variations\">\r\n\t\t\t\t\t\r\n\t\t<div class=\"product-buttons\">\r\n\t\t\t\t\t\r\n\t\t<div class=\"cart-button\">\r\n\t\t\t<a href=\"https:\/\/www.roncesvalles.com.ar\/es_mx\/producto\/especiales\/\" aria-describedby=\"woocommerce_loop_add_to_cart_link_describedby_556\" data-quantity=\"1\" class=\"button product_type_variable add_to_cart_button\" data-product_id=\"556\" data-product_sku=\"\" aria-label=\"Elige las opciones para &ldquo;Especiales (x 6 uni)&rdquo;\" rel=\"nofollow\">Seleccionar opciones<\/a>\t<span id=\"woocommerce_loop_add_to_cart_link_describedby_556\" class=\"screen-reader-text\">\n\t\tEste producto tiene m\u00faltiples variantes. Las opciones se pueden elegir en la p\u00e1gina de producto\t<\/span>\n\t\t <\/div>\r\n\t\t\t\t <\/div>\r\n\t\t \t\t <\/div>\r\n\t\t \t\t<\/div>\r\n\t\t\t<\/div>\r\n\t\t\t<\/div>\r\n\t<\/div>\n<div class=\"col-xl-50 col-lg-4 col-md-6 col-sm-6 col-6 product type-product post-32460 status-publish instock product_cat-miga has-post-thumbnail shipping-taxable purchasable product-type-variable\">\n\t\t\t<div class=\"product-wrapper\">\r\n\t\t\t<div class=\"product-image\">\r\n\t\t\t<a href=\"https:\/\/www.roncesvalles.com.ar\/es_mx\/producto\/triples-premium-x-6-uni\/\" class=\"woocommerce-LoopProduct-link\" target=\"_self\"><img loading=\"lazy\" decoding=\"async\" width=\"300\" height=\"300\" src=\"https:\/\/www.roncesvalles.com.ar\/wp-content\/uploads\/2022\/09\/MIGA-GOURMET_webp-300x300.webp\" class=\"attachment-woocommerce_thumbnail size-woocommerce_thumbnail front-image not-transparent\" alt=\"\" srcset=\"https:\/\/www.roncesvalles.com.ar\/wp-content\/uploads\/2022\/09\/MIGA-GOURMET_webp-300x300.webp 300w, https:\/\/www.roncesvalles.com.ar\/wp-content\/uploads\/2022\/09\/MIGA-GOURMET_webp-150x150.webp 150w\" sizes=\"(max-width: 300px) 100vw, 300px\" data-has-transparency=\"false\" data-dominant-color=\"0c0c0a\" style=\"--dominant-color: #0c0c0a;\" \/><\/a>\t\t <\/div>\r\n\t\t \t\t<div class=\"product-info\">\r\n\t\t\t<div class=\"product-title-rating\">\r\n\t\t\t\r\n\t\t<div class=\"product-cats\">\r\n\t\t\t<a href=\"https:\/\/www.roncesvalles.com.ar\/es_mx\/product-category\/sangucheria\/miga\/\" rel=\"tag\">Miga<\/a>\t\t<\/div>\r\n\t\t<h3 class=\"product-title\"><a href=\"https:\/\/www.roncesvalles.com.ar\/es_mx\/producto\/triples-premium-x-6-uni\/\" target=\"_self\">Triples Premium (x 6 uni)<\/a><\/h3><div class=\"woocommerce-product-details__short-description\">\n\t<p>Les recordamos que para reservas por \u00e9ste medio los s\u00e1ndwich deben ser m\u00faltiplos de 6 unidades.<\/p>\n<p>Para pedidos m\u00e1s chicos o con menor cantidad de s\u00e1ndwich por gusto comunicarse al 4641-8136 \/\/ 4644-6286 o acercarse al local<\/p>\n<\/div>\n\t\t<\/div>\r\n\t\t\t<div class=\"product-price-buttons\">\r\n\t\t\t<div class=\"product-price\">\r\n\t\t\t\n\t<span class=\"price\"><span class=\"woocommerce-Price-amount amount\" aria-hidden=\"true\"><bdi><span class=\"woocommerce-Price-currencySymbol\">&#36;<\/span>16,200<\/bdi><\/span> <span aria-hidden=\"true\">&ndash;<\/span> <span class=\"woocommerce-Price-amount amount\" aria-hidden=\"true\"><bdi><span class=\"woocommerce-Price-currencySymbol\">&#36;<\/span>129,600<\/bdi><\/span><span class=\"screen-reader-text\">Price range: &#36;16,200 through &#36;129,600<\/span><\/span>\n\t\t <\/div>\r\n\t\t \t\t<div class=\"product-buttons-variations\">\r\n\t\t\t\t\t\r\n\t\t<div class=\"product-buttons\">\r\n\t\t\t\t\t\r\n\t\t<div class=\"cart-button\">\r\n\t\t\t<a href=\"https:\/\/www.roncesvalles.com.ar\/es_mx\/producto\/triples-premium-x-6-uni\/\" aria-describedby=\"woocommerce_loop_add_to_cart_link_describedby_32460\" data-quantity=\"1\" class=\"button product_type_variable add_to_cart_button\" data-product_id=\"32460\" data-product_sku=\"\" aria-label=\"Elige las opciones para &ldquo;Triples Premium (x 6 uni)&rdquo;\" rel=\"nofollow\">Seleccionar opciones<\/a>\t<span id=\"woocommerce_loop_add_to_cart_link_describedby_32460\" class=\"screen-reader-text\">\n\t\tEste producto tiene m\u00faltiples variantes. Las opciones se pueden elegir en la p\u00e1gina de producto\t<\/span>\n\t\t <\/div>\r\n\t\t\t\t <\/div>\r\n\t\t \t\t <\/div>\r\n\t\t \t\t<\/div>\r\n\t\t\t<\/div>\r\n\t\t\t<\/div>\r\n\t<\/div>\n\n\t<\/div>\n<\/div>[vc_wp_categories][\/vc_column][\/vc_row][vc_row][vc_column][vc_wp_custommenu nav_menu=&#8221;249&#8243;][\/vc_column][\/vc_row][vc_row][vc_column]<div class=\"woocommerce columns-4 \"><\/div>[\/vc_column][\/vc_row][vc_row][vc_column]<div class=\"woocommerce columns-4 \"><\/div>[\/vc_column][\/vc_row]<\/p>\n","protected":false},"excerpt":{"rendered":"<p>[vc_row][vc_column][vc_posts_slider count=&#8221;3&#8243; interval=&#8221;3&#8243;][\/vc_column][\/vc_row][vc_row][vc_column hide_bg_mobile=&#8221;&#8221; hide_bg_tablet=&#8221;&#8221; el_id=&#8221;encurtidos-conservas&#8221;][vc_wp_categories][\/vc_column][\/vc_row][vc_row][vc_column][vc_wp_custommenu nav_menu=&#8221;249&#8243;][\/vc_column][\/vc_row][vc_row][vc_column][\/vc_column][\/vc_row][vc_row][vc_column][\/vc_column][\/vc_row]<\/p>\n","protected":false},"author":1581,"featured_media":0,"parent":0,"menu_order":0,"comment_status":"closed","ping_status":"closed","template":"","meta":{"_uf_show_specific_survey":0,"_uf_disable_surveys":false,"footnotes":""},"class_list":["post-32711","page","type-page","status-publish","hentry"],"_links":{"self":[{"href":"https:\/\/www.roncesvalles.com.ar\/es_mx\/wp-json\/wp\/v2\/pages\/32711","targetHints":{"allow":["GET"]}}],"collection":[{"href":"https:\/\/www.roncesvalles.com.ar\/es_mx\/wp-json\/wp\/v2\/pages"}],"about":[{"href":"https:\/\/www.roncesvalles.com.ar\/es_mx\/wp-json\/wp\/v2\/types\/page"}],"author":[{"embeddable":true,"href":"https:\/\/www.roncesvalles.com.ar\/es_mx\/wp-json\/wp\/v2\/users\/1581"}],"replies":[{"embeddable":true,"href":"https:\/\/www.roncesvalles.com.ar\/es_mx\/wp-json\/wp\/v2\/comments?post=32711"}],"version-history":[{"count":5,"href":"https:\/\/www.roncesvalles.com.ar\/es_mx\/wp-json\/wp\/v2\/pages\/32711\/revisions"}],"predecessor-version":[{"id":33995,"href":"https:\/\/www.roncesvalles.com.ar\/es_mx\/wp-json\/wp\/v2\/pages\/32711\/revisions\/33995"}],"wp:attachment":[{"href":"https:\/\/www.roncesvalles.com.ar\/es_mx\/wp-json\/wp\/v2\/media?parent=32711"}],"curies":[{"name":"wp","href":"https:\/\/api.w.org\/{rel}","templated":true}]}}